{"id":18,"date":"2024-11-23T01:00:29","date_gmt":"2024-11-23T00:00:29","guid":{"rendered":"http:\/\/lucieonthemoon.com\/?page_id=18"},"modified":"2024-12-17T17:15:38","modified_gmt":"2024-12-17T16:15:38","slug":"bio","status":"publish","type":"page","link":"https:\/\/lucieonthemoon.com\/index.php\/bio\/","title":{"rendered":"Bio"},"content":{"rendered":"<p>[et_pb_section fb_built=\u00a0\u00bb1&Prime; _builder_version=\u00a0\u00bb4.27.3&Prime; _module_preset=\u00a0\u00bbdefault\u00a0\u00bb global_colors_info=\u00a0\u00bb{}\u00a0\u00bb][et_pb_row _builder_version=\u00a0\u00bb4.27.3&Prime; _module_preset=\u00a0\u00bbdefault\u00a0\u00bb module_alignment=\u00a0\u00bbcenter\u00a0\u00bb custom_margin=\u00a0\u00bb|auto||auto|false|false\u00a0\u00bb custom_padding=\u00a0\u00bb|||100px|false|false\u00a0\u00bb global_colors_info=\u00a0\u00bb{}\u00a0\u00bb][et_pb_column type=\u00a0\u00bb4_4&Prime; _builder_version=\u00a0\u00bb4.27.3&Prime; _module_preset=\u00a0\u00bbdefault\u00a0\u00bb global_colors_info=\u00a0\u00bb{}\u00a0\u00bb][et_pb_text _builder_version=\u00a0\u00bb4.27.4&Prime; _module_preset=\u00a0\u00bbdefault\u00a0\u00bb width=\u00a0\u00bb100%\u00a0\u00bb hover_enabled=\u00a0\u00bb0&Prime; global_colors_info=\u00a0\u00bb{}\u00a0\u00bb sticky_enabled=\u00a0\u00bb0&Prime;]<\/p>\n<p><span style=\"color: #002c6e;\"><strong>Lucie O\u2019Moon<\/strong><\/span><\/p>\n<p>Guid\u00e9e par le souffle, la peinture intuitive de Lucie O\u2019Moon nous entra\u00eene dans un univers inspir\u00e9 des structures quantiques o\u00f9 le pr\u00e9cieux se m\u00eale au fragile,\u00a0 l\u2019infiniment petit \u00e0 l&rsquo;infiniment grand, et l\u2019organique au cosmique. Entre g\u00e9om\u00e9trie, fractales et al\u00e9atoire, l&rsquo;expression douce de ses ressentis parall\u00e8les et impalpables nous invite au voyage depuis les profondeurs marines et jusqu\u2019\u00e0 l&rsquo;infini des cieux. En filigrane : la question de la place des hommes et des femmes dans un monde qu&rsquo;ils occupent mais qui ne leur appartient pas, soulignant l\u2019urgence d\u2019une r\u00e9vision profonde de nos modes de consommation et de notre rapport \u00e0 toutes les formes de vies qui nous entourent.<\/p>\n<p>Issue de la peinture expressionniste abstraite, Lucie O&rsquo;Moon, autodidacte, est inspir\u00e9e tr\u00e8s t\u00f4t par la dualit\u00e9 de la ville en mouvement et de la nature en col\u00e8re. Elle commence \u00e0 peindre d\u00e8s l\u2019\u00e2ge de 14 ans des grandes acryliques sur toiles qui d\u00e9noncent la sur-utilisation de la p\u00e9trochimie, et installe sa premi\u00e8re exposition dans la capitale en 2005, gr\u00e2ce au Prix Paris Jeunes Talents.<\/p>\n<p>En parall\u00e8le, elle cr\u00e9e \u00e9galement des installations sensoriels et multidisciplinaires et s\u2019associe r\u00e9guli\u00e8rement \u00e0 d\u2019autres artistes pour m\u00ealer vid\u00e9o, peinture, th\u00e9\u00e2tre, musique, danse et lumi\u00e8res.<\/p>\n<p>En vingt ans elle n\u2019a eu de cesse de d\u00e9velopper ce qui fait aujourd\u2019hui sa patte : un peinture intuitive \u00e0 l\u2019\u00e9coute de la mati\u00e8re.<\/p>\n<p>Sa collaboration avec la sph\u00e8re de la biologie marine l\u2018ayant amen\u00e9e \u00e0 une profonde remise en question de son \u00e9criture, elle prend aujourd\u2019hui un virage vers une expression artistique tr\u00e8s peu carbon\u00e9e, qui se traduit cette fois sous forme d&rsquo; encres sur papier.<\/p>\n<p>Aujourd&rsquo;hui elle exprime avec d\u00e9licatesse sa sensibilit\u00e9 et son rapport au monde \u00e0 sublimer et \u00e0 prot\u00e9ger, mais elle cherche aussi une forme d\u2019\u00e9quilibre entre l\u2019al\u00e9atoire et le d\u00e9terminisme pour questionner notre place dans le tissu complexe de la r\u00e9alit\u00e9.<\/p>\n<p>&nbsp;<\/p>\n<p>&nbsp;<\/p>\n<p><span style=\"color: #002c6e;\">Quelques expositions et lieux de performances<\/span><\/p>\n<ul>\n<li>Pays de Brest : Mac Orlan, Galerie CMB-Ark\u00e9a, Maison de la fontaine, Le Quartz, la Car\u00e8ne (Astropolis 2010), Dialogues, Ifremer, Le Vauban, ZAC, Espace Avel Vor, Compagnie Impro-infini, galerie de Louise, M\u00e9diath\u00e8que du Relecq-Kerhuon, etc.<\/li>\n<li>Autres : Ch\u00e2teau de Keriolet \u00e0 Concarneau, P\u00f4le Max Jacob \u00e0 Quimper, H\u00f4tel des Ventes Drouot \u00e0<br \/>Paris, Galerie Luisa Catucci \u00e0 Berlin, La Bellevilloise \u00e0 Paris, galerie \u00ab Talent \u00e0 suivre \u00bb \u00e0 Lyon, galerie \u00ab Harmonie \u00bb \u00e0 St-Brieuc, galerie des St\u00e8les \u00e0 Huelgoat, Espace Terre-Marine \u00e0 Tr\u00e9gunc, Cabaret onirique \u00e0 Strasbourg, etc.<\/li>\n<\/ul>\n<p>&nbsp;<\/p>\n<p>Contact : lucie@lucieonthemoon.com \u2013 06 18 47 73 05<\/p>\n<p>[\/et_pb_text][\/et_pb_column][\/et_pb_row][\/et_pb_section]<\/p>\n","protected":false},"excerpt":{"rendered":"<p>Lucie O\u2019Moon Guid\u00e9e par le souffle, la peinture intuitive de Lucie O\u2019Moon nous entra\u00eene dans un univers inspir\u00e9 des structures quantiques o\u00f9 le pr\u00e9cieux se m\u00eale au fragile,\u00a0 l\u2019infiniment petit \u00e0 l&rsquo;infiniment grand, et l\u2019organique au cosmique. Entre g\u00e9om\u00e9trie, fractales et al\u00e9atoire, l&rsquo;expression douce de ses ressentis parall\u00e8les et impalpables nous invite au voyage depuis [&hellip;]<\/p>\n","protected":false},"author":1,"featured_media":0,"parent":0,"menu_order":2,"comment_status":"closed","ping_status":"closed","template":"","meta":{"_et_pb_use_builder":"on","_et_pb_old_content":"","_et_gb_content_width":"","footnotes":""},"class_list":["post-18","page","type-page","status-publish","hentry"],"_links":{"self":[{"href":"https:\/\/lucieonthemoon.com\/index.php\/wp-json\/wp\/v2\/pages\/18","targetHints":{"allow":["GET"]}}],"collection":[{"href":"https:\/\/lucieonthemoon.com\/index.php\/wp-json\/wp\/v2\/pages"}],"about":[{"href":"https:\/\/lucieonthemoon.com\/index.php\/wp-json\/wp\/v2\/types\/page"}],"author":[{"embeddable":true,"href":"https:\/\/lucieonthemoon.com\/index.php\/wp-json\/wp\/v2\/users\/1"}],"replies":[{"embeddable":true,"href":"https:\/\/lucieonthemoon.com\/index.php\/wp-json\/wp\/v2\/comments?post=18"}],"version-history":[{"count":7,"href":"https:\/\/lucieonthemoon.com\/index.php\/wp-json\/wp\/v2\/pages\/18\/revisions"}],"predecessor-version":[{"id":152,"href":"https:\/\/lucieonthemoon.com\/index.php\/wp-json\/wp\/v2\/pages\/18\/revisions\/152"}],"wp:attachment":[{"href":"https:\/\/lucieonthemoon.com\/index.php\/wp-json\/wp\/v2\/media?parent=18"}],"curies":[{"name":"wp","href":"https:\/\/api.w.org\/{rel}","templated":true}]}}