{"id":22,"date":"2024-11-23T01:01:00","date_gmt":"2024-11-23T00:01:00","guid":{"rendered":"http:\/\/lucieonthemoon.com\/?page_id=22"},"modified":"2024-12-17T16:36:16","modified_gmt":"2024-12-17T15:36:16","slug":"inspiration","status":"publish","type":"page","link":"https:\/\/lucieonthemoon.com\/index.php\/inspiration\/","title":{"rendered":"Inspiration"},"content":{"rendered":"<p>[et_pb_section fb_built=\u00a0\u00bb1&Prime; _builder_version=\u00a0\u00bb4.27.3&Prime; _module_preset=\u00a0\u00bbdefault\u00a0\u00bb global_colors_info=\u00a0\u00bb{}\u00a0\u00bb][et_pb_row _builder_version=\u00a0\u00bb4.27.3&Prime; _module_preset=\u00a0\u00bbdefault\u00a0\u00bb custom_padding=\u00a0\u00bb||||false|false\u00a0\u00bb global_colors_info=\u00a0\u00bb{}\u00a0\u00bb][et_pb_column type=\u00a0\u00bb4_4&Prime; _builder_version=\u00a0\u00bb4.27.3&Prime; _module_preset=\u00a0\u00bbdefault\u00a0\u00bb global_colors_info=\u00a0\u00bb{}\u00a0\u00bb][et_pb_text _builder_version=\u00a0\u00bb4.27.3&Prime; _module_preset=\u00a0\u00bbdefault\u00a0\u00bb text_text_color=\u00a0\u00bb#002C6E\u00a0\u00bb text_font_size=\u00a0\u00bb16px\u00a0\u00bb custom_margin=\u00a0\u00bb||5px|||\u00a0\u00bb custom_padding=\u00a0\u00bb|||100px|false|false\u00a0\u00bb global_colors_info=\u00a0\u00bb{}\u00a0\u00bb]<\/p>\n<p><strong>Citations<\/strong><\/p>\n<p>[\/et_pb_text][et_pb_text _builder_version=\u00a0\u00bb4.27.3&Prime; _module_preset=\u00a0\u00bbdefault\u00a0\u00bb width=\u00a0\u00bb90.7%\u00a0\u00bb custom_padding=\u00a0\u00bb|||140px|false|false\u00a0\u00bb global_colors_info=\u00a0\u00bb{}\u00a0\u00bb]<\/p>\n<p>Karl Jasper, m\u00e9taphysicien existentialiste \u00ab\u00a0 Von der Wahrheit \u00bb :<br \/>\u00ab\u00a0Tout \u00eatre semble en soi rond\u00a0\u00bb<br \/>Van Gogh\u00a0: \u00ab\u00a0La vie est probablement ronde\u00a0\u00bb<br \/>Joe Bousquet, po\u00e8te et ecrivain surr\u00e9aliste\u00a0:<br \/>\u00ab\u00a0Le meneur de lune\u00a0\u00bb\u00a0: \u00ab\u00a0On lui dit que la vie \u00e9tait belle\u00a0! Non, la vie est ronde.\u00a0\u00bb<br \/>\u00ab\u00a0Le bonheur de vivre est la facult\u00e9 de s&rsquo;agrandir, d&rsquo;\u00eatre la richesse de plusieurs.\u00a0\u00bb<\/p>\n<p>[\/et_pb_text][\/et_pb_column][\/et_pb_row][et_pb_row _builder_version=\u00a0\u00bb4.27.3&Prime; _module_preset=\u00a0\u00bbdefault\u00a0\u00bb width=\u00a0\u00bb72.6%\u00a0\u00bb custom_padding=\u00a0\u00bb||||false|false\u00a0\u00bb global_colors_info=\u00a0\u00bb{}\u00a0\u00bb][et_pb_column type=\u00a0\u00bb4_4&Prime; _builder_version=\u00a0\u00bb4.27.3&Prime; _module_preset=\u00a0\u00bbdefault\u00a0\u00bb global_colors_info=\u00a0\u00bb{}\u00a0\u00bb][et_pb_text _builder_version=\u00a0\u00bb4.27.3&Prime; _module_preset=\u00a0\u00bbdefault\u00a0\u00bb text_text_color=\u00a0\u00bb#002C6E\u00a0\u00bb text_font_size=\u00a0\u00bb16px\u00a0\u00bb custom_margin=\u00a0\u00bb||5px|||\u00a0\u00bb custom_padding=\u00a0\u00bb|||100px|false|false\u00a0\u00bb global_colors_info=\u00a0\u00bb{}\u00a0\u00bb]<\/p>\n<p><strong>R\u00e9flexions philosophiques-m\u00e9taphysiques sur<\/strong><\/p>\n<p>[\/et_pb_text][et_pb_text _builder_version=\u00a0\u00bb4.27.3&Prime; _module_preset=\u00a0\u00bbdefault\u00a0\u00bb width=\u00a0\u00bb90.7%\u00a0\u00bb module_alignment=\u00a0\u00bbleft\u00a0\u00bb custom_padding=\u00a0\u00bb|||140px|false|false\u00a0\u00bb global_colors_info=\u00a0\u00bb{}\u00a0\u00bb]<\/p>\n<ul>\n<li style=\"text-align: left;\">L&rsquo;\u00e9pig\u00e9n\u00e9tique (environnement, nourriture, perceptions et \u00e9coute des sens, respiration, m\u00e9ditation, mouvement, actes et d\u00e9cisions en conscience)<\/li>\n<li style=\"text-align: left;\">la physique quantique (th\u00e9orie des cordes, boson de Higgs, le CERN-centre de recherche pour la physique des particules &#8211; acc\u00e9l\u00e9rateur de particules de Gen\u00e8ve.<\/li>\n<li style=\"text-align: left;\">Notre rapport au temps<\/li>\n<li style=\"text-align: left;\">Notre conscience de l&rsquo;infiniement petit et grand<\/li>\n<li style=\"text-align: left;\">L&rsquo;ensemble de Beno\u00eet MandelBrot.<\/li>\n<\/ul>\n<p>[\/et_pb_text][\/et_pb_column][\/et_pb_row][et_pb_row _builder_version=\u00a0\u00bb4.27.3&Prime; _module_preset=\u00a0\u00bbdefault\u00a0\u00bb global_colors_info=\u00a0\u00bb{}\u00a0\u00bb][et_pb_column type=\u00a0\u00bb4_4&Prime; _builder_version=\u00a0\u00bb4.27.3&Prime; _module_preset=\u00a0\u00bbdefault\u00a0\u00bb global_colors_info=\u00a0\u00bb{}\u00a0\u00bb][et_pb_text _builder_version=\u00a0\u00bb4.27.3&Prime; _module_preset=\u00a0\u00bbdefault\u00a0\u00bb text_text_color=\u00a0\u00bb#002C6E\u00a0\u00bb text_font_size=\u00a0\u00bb16px\u00a0\u00bb custom_margin=\u00a0\u00bb||5px|||\u00a0\u00bb custom_padding=\u00a0\u00bb|||100px|false|false\u00a0\u00bb global_colors_info=\u00a0\u00bb{}\u00a0\u00bb]<\/p>\n<p><strong>Documentation du moment<\/strong><\/p>\n<p>[\/et_pb_text][et_pb_text _builder_version=\u00a0\u00bb4.27.3&Prime; _module_preset=\u00a0\u00bbdefault\u00a0\u00bb width=\u00a0\u00bb90.7%\u00a0\u00bb custom_padding=\u00a0\u00bb|||140px|false|false\u00a0\u00bb global_colors_info=\u00a0\u00bb{}\u00a0\u00bb]<\/p>\n<ul>\n<li>Etienne Klein \/ conf\u00e9rences sur\u00a0: l&rsquo;espace-temps, l\u2019\u00e9nergie noire, la structure fondamentale de la mati\u00e8re, les ondes gravitationnelles,<\/li>\n<li>Gaston Bachelard \u00ab\u00a0La po\u00e9tique de l&rsquo;espace\u00a0\u00bb<\/li>\n<li>Carnet de sciences \/Revue du CNRS<\/li>\n<ul><\/ul>\n<\/ul>\n<p>[\/et_pb_text][\/et_pb_column][\/et_pb_row][\/et_pb_section]<\/p>\n","protected":false},"excerpt":{"rendered":"<p>CitationsKarl Jasper, m\u00e9taphysicien existentialiste \u00ab\u00a0 Von der Wahrheit \u00bb :\u00ab\u00a0Tout \u00eatre semble en soi rond\u00a0\u00bbVan Gogh\u00a0: \u00ab\u00a0La vie est probablement ronde\u00a0\u00bbJoe Bousquet, po\u00e8te et ecrivain surr\u00e9aliste\u00a0:\u00ab\u00a0Le meneur de lune\u00a0\u00bb\u00a0: \u00ab\u00a0On lui dit que la vie \u00e9tait belle\u00a0! Non, la vie est ronde.\u00a0\u00bb\u00ab\u00a0Le bonheur de vivre est la facult\u00e9 de s&rsquo;agrandir, d&rsquo;\u00eatre la richesse de plusieurs.\u00a0\u00bbR\u00e9flexions [&hellip;]<\/p>\n","protected":false},"author":1,"featured_media":0,"parent":0,"menu_order":3,"comment_status":"closed","ping_status":"closed","template":"","meta":{"_et_pb_use_builder":"on","_et_pb_old_content":"","_et_gb_content_width":"","footnotes":""},"class_list":["post-22","page","type-page","status-publish","hentry"],"_links":{"self":[{"href":"https:\/\/lucieonthemoon.com\/index.php\/wp-json\/wp\/v2\/pages\/22","targetHints":{"allow":["GET"]}}],"collection":[{"href":"https:\/\/lucieonthemoon.com\/index.php\/wp-json\/wp\/v2\/pages"}],"about":[{"href":"https:\/\/lucieonthemoon.com\/index.php\/wp-json\/wp\/v2\/types\/page"}],"author":[{"embeddable":true,"href":"https:\/\/lucieonthemoon.com\/index.php\/wp-json\/wp\/v2\/users\/1"}],"replies":[{"embeddable":true,"href":"https:\/\/lucieonthemoon.com\/index.php\/wp-json\/wp\/v2\/comments?post=22"}],"version-history":[{"count":10,"href":"https:\/\/lucieonthemoon.com\/index.php\/wp-json\/wp\/v2\/pages\/22\/revisions"}],"predecessor-version":[{"id":133,"href":"https:\/\/lucieonthemoon.com\/index.php\/wp-json\/wp\/v2\/pages\/22\/revisions\/133"}],"wp:attachment":[{"href":"https:\/\/lucieonthemoon.com\/index.php\/wp-json\/wp\/v2\/media?parent=22"}],"curies":[{"name":"wp","href":"https:\/\/api.w.org\/{rel}","templated":true}]}}