{"id":95,"date":"2024-11-23T16:48:38","date_gmt":"2024-11-23T15:48:38","guid":{"rendered":"https:\/\/lucieonthemoon.com\/?page_id=95"},"modified":"2024-11-23T17:35:10","modified_gmt":"2024-11-23T16:35:10","slug":"choix_polices","status":"publish","type":"page","link":"https:\/\/lucieonthemoon.com\/index.php\/choix_polices\/","title":{"rendered":"choix_polices"},"content":{"rendered":"<p>[et_pb_section fb_built=\u00a0\u00bb1&Prime; theme_builder_area=\u00a0\u00bbpost_content\u00a0\u00bb _builder_version=\u00a0\u00bb4.27.3&Prime; _module_preset=\u00a0\u00bbdefault\u00a0\u00bb hover_enabled=\u00a0\u00bb0&Prime; sticky_enabled=\u00a0\u00bb0&Prime;][et_pb_row _builder_version=\u00a0\u00bb4.27.3&Prime; _module_preset=\u00a0\u00bbdefault\u00a0\u00bb theme_builder_area=\u00a0\u00bbpost_content\u00a0\u00bb hover_enabled=\u00a0\u00bb0&Prime; sticky_enabled=\u00a0\u00bb0&Prime;][et_pb_column _builder_version=\u00a0\u00bb4.27.3&Prime; _module_preset=\u00a0\u00bbdefault\u00a0\u00bb type=\u00a0\u00bb4_4&Prime; theme_builder_area=\u00a0\u00bbpost_content\u00a0\u00bb][et_pb_code _builder_version=\u00a0\u00bb4.27.3&Prime; _module_preset=\u00a0\u00bbdefault\u00a0\u00bb theme_builder_area=\u00a0\u00bbpost_content\u00a0\u00bb hover_enabled=\u00a0\u00bb0&Prime; sticky_enabled=\u00a0\u00bb0&Prime;]<\/p>\n<div id=\"polices-liste\" style=\"margin: 20px;\"><\/div>\n<p><!-- [et_pb_line_break_holder] --><script><!-- [et_pb_line_break_holder] -->    \/\/ Liste des polices courantes dans Divi<!-- [et_pb_line_break_holder] -->    const polices = [<!-- [et_pb_line_break_holder] -->        'Abel', 'Amatic SC', 'Arimo', 'Arvo', 'Bevan', 'Bitter', 'Black Ops One', 'Boogaloo', 'Bree Serif',<!-- [et_pb_line_break_holder] -->        'Calligraffitti', 'Cantata One', 'Cardo', 'Changa One', 'Cherry Cream Soda', 'Chewy', 'Comfortaa',<!-- [et_pb_line_break_holder] -->        'Coming Soon', 'Covered By Your Grace', 'Crafty Girls', 'Create Round', 'Crimson Text', 'Cuprum',<!-- [et_pb_line_break_holder] -->        'Dancing Script', 'Dosis', 'Droid Sans', 'Droid Serif', 'Francois One', 'Fredoka One', 'The Girl Next Door',<!-- [et_pb_line_break_holder] -->        'Gloria Hallelujah', 'Happy Monkey', 'Indie Flower', 'Josefin Slab', 'Judson', 'Kreon', 'Lato', 'Lato Light',<!-- [et_pb_line_break_holder] -->        'Leckerli One', 'Lobster', 'Lobster Two', 'Lora', 'Luckiest Guy', 'Merriweather', 'Metamorphous', 'Monserrat',<!-- [et_pb_line_break_holder] -->        'Noticia Text', 'Nova Square', 'Nunito', 'Old Standard TT', 'Open Sans', 'Open Sans Condensed', 'Open Sans Light',<!-- [et_pb_line_break_holder] -->        'Oswald', 'Pacifico', 'Passion One', 'Patrick Hand', 'Permanent Marker', 'Play', 'Playfair Display', 'Poiret One',<!-- [et_pb_line_break_holder] -->        'PT Sans', 'PT Sans Narrow', 'PT Serif', 'Raleway', 'Raleway Light', 'Reenie Beanie', 'Righteous', 'Roboto',<!-- [et_pb_line_break_holder] -->        'Roboto Condensed', 'Roboto Light', 'Rock Salt', 'Rokkitt', 'Sanchez', 'Satisfy', 'Schoolbell', 'Shadows Into Light',<!-- [et_pb_line_break_holder] -->        'Source Sans Pro', 'Source Sans Pro Light', 'Special Elite', 'Squada One', 'Tangerine', 'Ubuntu', 'Unkempt',<!-- [et_pb_line_break_holder] -->        'Vollkorn', 'Walter Turncoat', 'Yanone Kaffeesatz', 'Georgia', 'Times New Roman', 'Arial', 'Trebuchet', 'Verdana'<!-- [et_pb_line_break_holder] -->    ];<!-- [et_pb_line_break_holder] --><!-- [et_pb_line_break_holder] -->    \/\/ Conteneur pour afficher les polices<!-- [et_pb_line_break_holder] -->    const container = document.getElementById('polices-liste');<!-- [et_pb_line_break_holder] --><!-- [et_pb_line_break_holder] -->    \/\/ G\u00e9n\u00e9rer un aper\u00e7u pour chaque police<!-- [et_pb_line_break_holder] -->    polices.forEach(police => {<!-- [et_pb_line_break_holder] -->        const sample = document.createElement('div');<!-- [et_pb_line_break_holder] -->        sample.style.fontFamily = police;<!-- [et_pb_line_break_holder] -->        sample.style.marginBottom = \"15px\";<!-- [et_pb_line_break_holder] -->        sample.textContent = `Exemple avec la police : ${police}`;<!-- [et_pb_line_break_holder] -->        sample.style.fontSize = \"24px\";<!-- [et_pb_line_break_holder] -->        container.appendChild(sample);<!-- [et_pb_line_break_holder] -->    });<!-- [et_pb_line_break_holder] -->});<!-- [et_pb_line_break_holder] --><\/script><!-- [et_pb_line_break_holder] -->[\/et_pb_code][\/et_pb_column][\/et_pb_row][\/et_pb_section]<\/p>\n","protected":false},"excerpt":{"rendered":"","protected":false},"author":2,"featured_media":0,"parent":0,"menu_order":0,"comment_status":"closed","ping_status":"closed","template":"","meta":{"_et_pb_use_builder":"on","_et_pb_old_content":"","_et_gb_content_width":"","footnotes":""},"class_list":["post-95","page","type-page","status-publish","hentry"],"_links":{"self":[{"href":"https:\/\/lucieonthemoon.com\/index.php\/wp-json\/wp\/v2\/pages\/95","targetHints":{"allow":["GET"]}}],"collection":[{"href":"https:\/\/lucieonthemoon.com\/index.php\/wp-json\/wp\/v2\/pages"}],"about":[{"href":"https:\/\/lucieonthemoon.com\/index.php\/wp-json\/wp\/v2\/types\/page"}],"author":[{"embeddable":true,"href":"https:\/\/lucieonthemoon.com\/index.php\/wp-json\/wp\/v2\/users\/2"}],"replies":[{"embeddable":true,"href":"https:\/\/lucieonthemoon.com\/index.php\/wp-json\/wp\/v2\/comments?post=95"}],"version-history":[{"count":6,"href":"https:\/\/lucieonthemoon.com\/index.php\/wp-json\/wp\/v2\/pages\/95\/revisions"}],"predecessor-version":[{"id":106,"href":"https:\/\/lucieonthemoon.com\/index.php\/wp-json\/wp\/v2\/pages\/95\/revisions\/106"}],"wp:attachment":[{"href":"https:\/\/lucieonthemoon.com\/index.php\/wp-json\/wp\/v2\/media?parent=95"}],"curies":[{"name":"wp","href":"https:\/\/api.w.org\/{rel}","templated":true}]}}